{"id":548,"date":"2018-06-19T22:24:20","date_gmt":"2018-06-19T20:24:20","guid":{"rendered":"https:\/\/www.bordonegiuseppe.it\/home\/"},"modified":"2024-03-22T08:28:04","modified_gmt":"2024-03-22T07:28:04","slug":"home","status":"publish","type":"page","link":"https:\/\/www.bordonegiuseppe.it\/de\/","title":{"rendered":"Home"},"content":{"rendered":"<div class=\"wpb-content-wrapper\"><p>[vc_section el_class=&#8220;section_slider&#8220;][vc_row css=&#8220;.vc_custom_1529525443210{margin-bottom: 0px !important;}&#8220;][vc_column css=&#8220;.vc_custom_1529525407222{margin-bottom: 0px !important;}&#8220;]\n\t\t\t<!-- START Main slider REVOLUTION SLIDER 6.7.21 --><p class=\"rs-p-wp-fix\"><\/p>\n\t\t\t<rs-module-wrap id=\"rev_slider_1_1_wrapper\" data-source=\"gallery\" style=\"visibility:hidden;background:transparent;padding:0;margin:0px auto;margin-top:0;margin-bottom:0;\">\n\t\t\t\t<rs-module id=\"rev_slider_1_1\" style=\"\" data-version=\"6.7.21\">\n\t\t\t\t\t<rs-slides style=\"overflow: hidden; position: absolute;\">\n\t\t\t\t\t\t<rs-slide style=\"position: absolute;\" data-key=\"rs-1\" data-title=\"Slide\" data-anim=\"adpr:false;\">\n\t\t\t\t\t\t\t<img decoding=\"async\" src=\"\/\/www.bordonegiuseppe.it\/wp-content\/plugins\/revslider\/sr6\/assets\/assets\/dummy.png\" alt=\"\" title=\"Home\" class=\"rev-slidebg tp-rs-img rs-lazyload\" data-lazyload=\"\/\/www.bordonegiuseppe.it\/wp-content\/uploads\/2018\/06\/AzAgr_Bordone_25.jpg\" data-no-retina>\n<!--\n\t\t\t\t\t\t\t--><rs-layer\n\t\t\t\t\t\t\t\tid=\"slider-1-slide-1-layer-2\" \n\t\t\t\t\t\t\t\tdata-type=\"text\"\n\t\t\t\t\t\t\t\tdata-rsp_ch=\"on\"\n\t\t\t\t\t\t\t\tdata-xy=\"xo:50px;y:m;yo:50px,50px,30px,30px;\"\n\t\t\t\t\t\t\t\tdata-text=\"s:90,90,60,50;l:90,90,60,60;a:inherit;\"\n\t\t\t\t\t\t\t\tdata-frame_0=\"y:50px;tp:600;\"\n\t\t\t\t\t\t\t\tdata-frame_1=\"tp:600;st:1000;sR:1000;\"\n\t\t\t\t\t\t\t\tdata-frame_999=\"y:-50px;o:0;tp:600;st:w;sR:7700;\"\n\t\t\t\t\t\t\t\tstyle=\"z-index:5;font-family:'Philosopher';\"\n\t\t\t\t\t\t\t>Bordone Giuseppe \n\t\t\t\t\t\t\t<\/rs-layer><!--\n-->\t\t\t\t\t<\/rs-slide>\n\t\t\t\t\t<\/rs-slides>\n\t\t\t\t<\/rs-module>\n\t\t\t\t<script>\n\t\t\t\t\tsetREVStartSize({c: 'rev_slider_1_1',rl:[1240,1024,778,480],el:[],gw:[1400,1024,778,480],gh:[700,500,400,300],type:'standard',justify:'',layout:'fullwidth',mh:\"0\"});if (window.RS_MODULES!==undefined && window.RS_MODULES.modules!==undefined && window.RS_MODULES.modules[\"revslider11\"]!==undefined) {window.RS_MODULES.modules[\"revslider11\"].once = false;window.revapi1 = undefined;if (window.RS_MODULES.checkMinimal!==undefined) window.RS_MODULES.checkMinimal()}\n\t\t\t\t<\/script>\n\t\t\t<\/rs-module-wrap>\n\t\t\t<!-- END REVOLUTION SLIDER -->\n[\/vc_column][\/vc_row][\/vc_section][vc_section el_class=&#8220;section_home_01&#8243;][vc_row][vc_column css_animation=&#8220;fadeInUp&#8220; width=&#8220;1\/2&#8243; el_class=&#8220;drawer-left&#8220;][vc_single_image css_animation=&#8220;boc_animate_when_almost_visible boc_fade-in&#8220; image=&#8220;740&#8243; css=&#8220;.vc_custom_1532944436794{border-top-width: 10px !important;border-right-width: 10px !important;border-bottom-width: 10px !important;border-left-width: 10px !important;border-left-color: #f3ca4f !important;border-left-style: solid !important;border-right-color: #f3ca4f !important;border-right-style: solid !important;border-top-color: #f3ca4f !important;border-top-style: solid !important;border-bottom-color: #f3ca4f !important;border-bottom-style: solid !important;}&#8220;][\/vc_column][vc_column width=&#8220;1\/2&#8243; el_class=&#8220;drawer-right&#8220;]<h2 class=\"boc_heading  center  \"  style=\"margin-bottom: 20px;margin-top: 0px;color: #060707;font-size: 34px;\"><span>Landwirtschaftsbetrieb Bordone Giuseppe<\/span><\/h2>[vc_column_text]<\/p>\n<p style=\"text-align: center;\">Der landwirtschaftliche Betrieb Bordone Giuseppe befindet sich in Mont\u00e0, nicht weit von Turin und Asti entfernt. Unser Familienbetrieb befindet sich in der Roero Gegend, die aus einer weiten H\u00fcgellandschaft besteht und &#8222;Rocche&#8220; genannt wird.<\/p>\n<p>[\/vc_column_text][vc_single_image alignment=&#8220;center&#8220; image=&#8220;742&#8243;][\/vc_column][\/vc_row][\/vc_section][vc_section el_class=&#8220;section_home_02&#8243; css=&#8220;.vc_custom_1529526870284{margin-top: 80px !important;}&#8220;][vc_row][vc_column]<h2 class=\"boc_heading bg_title center  \"  style=\"margin-bottom: 20px;margin-top: 0px;color: #060707;font-size: 40px;\"><span>Die Weine unseres familiengef\u00fchrten Landwirtschaftsbetriebs sind<\/span><\/h2>[\/vc_column][\/vc_row][vc_row full_width=&#8220;stretch_row_content&#8220; el_class=&#8220;focus_box&#8220;][vc_column width=&#8220;1\/3&#8243; css=&#8220;.vc_custom_1539678183455{padding-top: 13vw !important;padding-right: 4vw !important;padding-bottom: 4vw !important;padding-left: 4vw !important;background-image: url(https:\/\/www.bordonegiuseppe.it\/wp-content\/uploads\/2018\/10\/AzAgr_Bordone_2.jpg?id=535) !important;background-position: center !important;background-repeat: no-repeat !important;background-size: cover !important;}&#8220;]<h2 class=\"boc_heading  al_left  \"  style=\"margin-bottom: 0px;margin-top: 0px;color: #ffffff;font-size: 36px;\"><span>Wei\u00dfweine<\/span><\/h2><a\thref=\"\/de\/die-weine\/weissweine\/\" \n\t\t\t\tclass=\"button btn_medium btn_theme_color btn_rounded btn_normal_style icon_pos_after   \"  target='_self'><span>Entdecken Sie mehr<\/span> <i class='icon icon-arrow-right'><\/i> <\/a>[\/vc_column][vc_column width=&#8220;1\/3&#8243; css=&#8220;.vc_custom_1539678212255{padding-top: 13vw !important;padding-right: 4vw !important;padding-bottom: 4vw !important;padding-left: 4vw !important;background-image: url(https:\/\/www.bordonegiuseppe.it\/wp-content\/uploads\/2018\/10\/AzAgr_Bordone_3.jpg?id=536) !important;background-position: center !important;background-repeat: no-repeat !important;background-size: cover !important;}&#8220;]<h2 class=\"boc_heading  al_left  \"  style=\"margin-bottom: 0px;margin-top: 0px;color: #ffffff;font-size: 36px;\"><span>Rotweine<\/span><\/h2><a\thref=\"\/de\/die-weine\/rotweine\/\" \n\t\t\t\tclass=\"button btn_medium btn_theme_color btn_rounded btn_normal_style icon_pos_after   \"  target='_self'><span>Entdecken Sie mehr<\/span> <i class='icon icon-arrow-right'><\/i> <\/a>[\/vc_column][vc_column width=&#8220;1\/3&#8243; css=&#8220;.vc_custom_1539678226695{padding-top: 13vw !important;padding-right: 4vw !important;padding-bottom: 4vw !important;padding-left: 4vw !important;background-image: url(https:\/\/www.bordonegiuseppe.it\/wp-content\/uploads\/2018\/10\/AzAgr_Bordone_54.jpg?id=537) !important;background-position: center !important;background-repeat: no-repeat !important;background-size: cover !important;}&#8220;]<h2 class=\"boc_heading  al_left  \"  style=\"margin-bottom: 0px;margin-top: 0px;color: #ffffff;font-size: 36px;\"><span>S\u00fc\u00dfe Weine<\/span><\/h2><a\thref=\"\/de\/die-weine\/suesse-weine\/\" \n\t\t\t\tclass=\"button btn_medium btn_theme_color btn_rounded btn_normal_style icon_pos_after   \"  target='_self'><span>Entdecken Sie mehr<\/span> <i class='icon icon-arrow-right'><\/i> <\/a>[\/vc_column][\/vc_row][\/vc_section][vc_section el_class=&#8220;section_home_03&#8243; css=&#8220;.vc_custom_1529530645999{margin-top: 100px !important;margin-bottom: 100px !important;}&#8220;][vc_row][vc_column width=&#8220;1\/4&#8243; el_class=&#8220;drawer-left&#8220;]<h2 class=\"boc_heading  al_left  \"  style=\"margin-bottom: 20px;margin-top: 0px;color: #000000;font-size: 34px;\"><span>Das Beste der einheimischen Trauben von Roero<\/span><\/h2>[vc_column_text]Wir haben immer das gro\u00dfe Potential der einheimischen Trauben von Roero gesch\u00e4tzt, einem Land, das unvergleichlichen Weinbau ausdr\u00fccken kann. Die Farmarbeit unseres Landwirtschaftsbetriebs erforscht das Beste aus diesem Schatz.[\/vc_column_text][vc_row_inner][vc_column_inner]<div class=\"boc_icon_holder boc_icon_size_normal boc_icon_pos_left  arows_product prev_productwith_bgr\" style=\"background-color:#f3ca4f;\"><span class=\"boc_icon icon icon-arrow-left\" style=\"color:#ffffff;\"><\/span><\/div><div class=\"boc_icon_holder boc_icon_size_normal boc_icon_pos_left  arows_product next_productwith_bgr\" style=\"background-color:#f3ca4f;\"><span class=\"boc_icon icon icon-arrow-right\" style=\"color:#ffffff;\"><\/span><\/div>[\/vc_column_inner][\/vc_row_inner][\/vc_column][vc_column width=&#8220;3\/4&#8243; el_class=&#8220;drawer-right&#8220;][vc_row_inner][vc_column_inner][vc_single_image add_caption=&#8220;yes&#8220; alignment=&#8220;center&#8220; onclick=&#8220;custom_link&#8220; image=&#8220;1015&#8243; link=&#8220;\/prodotti\/roero-docg-curs\/&#8220;]<h3 class=\"boc_heading  center  \"  style=\"margin-bottom: 0px;margin-top: 0px;color: #4c4c4c;font-size: 18px;\"><span>ROERO D.O.C.G. &#8222;Curs&#8220;<\/span><\/h3>[\/vc_column_inner][\/vc_row_inner][vc_row_inner][vc_column_inner][vc_single_image add_caption=&#8220;yes&#8220; alignment=&#8220;center&#8220; onclick=&#8220;custom_link&#8220; image=&#8220;991&#8243; link=&#8220;\/prodotti\/barbera-dalba-doc\/&#8220;]<h3 class=\"boc_heading  center  \"  style=\"margin-bottom: 0px;margin-top: 0px;color: #4c4c4c;font-size: 18px;\"><span>BARBERA D&#8217;ALBA D.O.C.<\/span><\/h3>[\/vc_column_inner][\/vc_row_inner][vc_row_inner][vc_column_inner][vc_single_image add_caption=&#8220;yes&#8220; alignment=&#8220;center&#8220; onclick=&#8220;custom_link&#8220; image=&#8220;1094&#8243; link=&#8220;prodotti\/roero-arneis\/&#8220;]<h3 class=\"boc_heading  center  \"  style=\"margin-bottom: 0px;margin-top: 0px;color: #4c4c4c;font-size: 18px;\"><span>ROERO ARNEIS D.O.C.G.<\/span><\/h3>[\/vc_column_inner][\/vc_row_inner][vc_row_inner][vc_column_inner][vc_single_image add_caption=&#8220;yes&#8220; alignment=&#8220;center&#8220; onclick=&#8220;custom_link&#8220; image=&#8220;1000&#8243; link=&#8220;prodotti\/vignot\/&#8220;]<h3 class=\"boc_heading  center  \"  style=\"margin-bottom: 0px;margin-top: 0px;color: #4c4c4c;font-size: 18px;\"><span>ROERO ARNEIS D.O.C.G. Riserva \u201cVignot\u201d<\/span><\/h3>[\/vc_column_inner][\/vc_row_inner][vc_row_inner][vc_column_inner][vc_single_image add_caption=&#8220;yes&#8220; alignment=&#8220;center&#8220; onclick=&#8220;custom_link&#8220; image=&#8220;1006&#8243; link=&#8220;prodotti\/nebbiolo-dalba\/&#8220;]<h3 class=\"boc_heading  center  \"  style=\"margin-bottom: 0px;margin-top: 0px;color: #4c4c4c;font-size: 18px;\"><span>NEBBIOLO D\u2019ALBA D.O.C. \u201cVatepe\u201d<\/span><\/h3>[\/vc_column_inner][\/vc_row_inner][vc_row_inner][vc_column_inner][vc_single_image add_caption=&#8220;yes&#8220; alignment=&#8220;center&#8220; onclick=&#8220;custom_link&#8220; image=&#8220;1009&#8243; link=&#8220;\/prodotti\/il-bricat-dolce\/&#8220;]<h3 class=\"boc_heading  center  \"  style=\"margin-bottom: 0px;margin-top: 0px;color: #4c4c4c;font-size: 18px;\"><span>S\u00dcI\u00dfER ROTWEIN \u201cBricat\u201d<\/span><\/h3>[\/vc_column_inner][\/vc_row_inner][vc_row_inner][vc_column_inner][vc_single_image add_caption=&#8220;yes&#8220; alignment=&#8220;center&#8220; onclick=&#8220;custom_link&#8220; image=&#8220;1003&#8243; link=&#8220;\/prodotti\/barbera-dalba\/&#8220;]<h3 class=\"boc_heading  center  \"  style=\"margin-bottom: 0px;margin-top: 0px;color: #4c4c4c;font-size: 18px;\"><span>BARBERA D\u2019ALBA D.O.C. Superiore \u201cSarnia\u201d<\/span><\/h3>[\/vc_column_inner][\/vc_row_inner][vc_row_inner][vc_column_inner][vc_single_image add_caption=&#8220;yes&#8220; alignment=&#8220;center&#8220; onclick=&#8220;custom_link&#8220; image=&#8220;1012&#8243; link=&#8220;\/prodotti\/roero\/&#8220;]<h3 class=\"boc_heading  center  \"  style=\"margin-bottom: 0px;margin-top: 0px;color: #4c4c4c;font-size: 18px;\"><span>ROERO D.O.C.G. \u201cBric del Medic\u201d<\/span><\/h3>[\/vc_column_inner][\/vc_row_inner][vc_row_inner][vc_column_inner][vc_single_image add_caption=&#8220;yes&#8220; alignment=&#8220;center&#8220; onclick=&#8220;custom_link&#8220; image=&#8220;994&#8243; link=&#8220;\/prodotti\/langhe\/&#8220;]<h3 class=\"boc_heading  center  \"  style=\"margin-bottom: 0px;margin-top: 0px;color: #4c4c4c;font-size: 18px;\"><span>LANGHE NEBBIOLO D.O.C.<\/span><\/h3>[\/vc_column_inner][\/vc_row_inner][\/vc_column][\/vc_row][\/vc_section][vc_section content_placement=&#8220;middle&#8220; el_class=&#8220;section_home_04&#8243;][vc_row full_width=&#8220;stretch_row&#8220; bg_type=&#8220;image&#8220; bg_image_new=&#8220;383&#8243; bg_image_repeat=&#8220;no-repeat&#8220; bg_img_attach=&#8220;fixed&#8220; parallax_content=&#8220;off&#8220; css=&#8220;.vc_custom_1538493384856{margin-top: 0px !important;margin-bottom: 0px !important;padding-top: 7vw !important;padding-bottom: 8vw !important;}&#8220;][vc_column css=&#8220;.vc_custom_1538493330804{margin-bottom: 0px !important;}&#8220;]<h2 class=\"boc_heading title_curve center  \"  style=\"margin-bottom: 20px;margin-top: 0px;color: #ffffff;font-size: 40px;\"><span>Die Weinberge<\/span><\/h2>[vc_column_text]<\/p>\n<p style=\"text-align: center;\">Am linken Ufer des Flusses Tanaro, in einer weiten Landschaft, umgeben von H\u00fcgeln, genannt Rocche, reich an piemontesischen Weinbergen.<\/p>\n<p>[\/vc_column_text]<a\thref=\"https:\/\/www.bordonegiuseppe.it\/de\/i-vigneti\/\" \n\t\t\t\tclass=\"button btn_medium btn_theme_color btn_rounded btn_normal_style icon_pos_after  boc_animate_when_almost_visible boc_left-to-right \"  target='_self'><span>Entdecken Sie mehr<\/span> <i class='icon icon-arrow-right'><\/i> <\/a>[\/vc_column][\/vc_row][\/vc_section][vc_section el_class=&#8220;section_home_06&#8243; css=&#8220;.vc_custom_1532705291324{padding-top: 0px !important;}&#8220;][vc_row full_width=&#8220;stretch_row_content_no_spaces&#8220; css=&#8220;.vc_custom_1529588483042{margin-bottom: 0px !important;background-color: #e2d9a3 !important;}&#8220;][vc_column width=&#8220;1\/2&#8243; el_class=&#8220;drawer-left&#8220; css=&#8220;.vc_custom_1529581736453{margin: 0px !important;padding: 0px !important;}&#8220;]<h2 class=\"boc_heading  center  \"  style=\"margin-bottom: 20px;margin-top: 0px;color: #060707;font-size: 40px;\"><span>Besuche und Verkostungen<\/span><\/h2>[vc_column_text]<\/p>\n<p style=\"text-align: center;\">Perfektion zwischen Tradition und Innovation. Das ist es, was unser familiengef\u00fchrter Landwirtschaftsbetrieb sucht. Der Roero gibt uns ein gro\u00dfartiges Land, das wir nur durch die sorgf\u00e4ltige Erhaltung des Territoriums und die Arbeit im Weinberg, in etwas Auserlesenes verwandeln k\u00f6nnen. Deshalb k\u00f6nnen wir unseren G\u00e4sten au\u00dfergew\u00f6hnliche Touren und Verkostungen anbieten.<\/p>\n<p>[\/vc_column_text][vc_single_image alignment=&#8220;center&#8220; image=&#8220;742&#8243;][\/vc_column][vc_column width=&#8220;1\/2&#8243; css=&#8220;.vc_custom_1529580642964{margin-top: 0px !important;margin-right: 0px !important;margin-bottom: 0px !important;margin-left: 0px !important;padding-top: 0px !important;padding-right: 0px !important;padding-bottom: 0px !important;padding-left: 0px !important;}&#8220; el_class=&#8220;drawer-right&#8220;][vc_single_image alignment=&#8220;center&#8220; css_animation=&#8220;boc_animate_when_almost_visible boc_right-to-left&#8220; image=&#8220;856&#8243;][\/vc_column][\/vc_row][\/vc_section][vc_section el_class=&#8220;section_home_05&#8243; css=&#8220;.vc_custom_1532705327691{padding-top: 35px !important;}&#8220;][vc_row][vc_column width=&#8220;1\/4&#8243;]<h2 class=\"boc_heading  center  \"  style=\"margin-bottom: 20px;margin-top: 0px;color: #777777;font-size: 22px;\"><span>Telefon <\/span><\/h2>[vc_column_text el_class=&#8220;detail-contact detail-contact1&#8243;]<\/p>\n<h3 style=\"text-align: center;\"><a href=\"tel:+390173975573\">+39 0173 975573<\/a><\/h3>\n<p>[\/vc_column_text][\/vc_column][vc_column width=&#8220;1\/2&#8243;]<h2 class=\"boc_heading  center  \"  style=\"margin-bottom: 20px;margin-top: 0px;color: #777777;font-size: 22px;\"><span>\u00d6ffnungszeiten<\/span><\/h2>[vc_column_text el_class=&#8220;detail-contact detail-contact2&#8243;]<\/p>\n<h3 style=\"text-align: center;\">Montag &#8211; Samstag:\u00a0 8.00-12.00 14.00-19.30<br \/>\nSonntag: 9.00-12.00 14.00-19.00<\/h3>\n<h4 class=\"gold\" style=\"text-align: center;\">Telefonische Vorank\u00fcndigung gesch\u00e4tzt<\/h4>\n<p>[\/vc_column_text][\/vc_column][vc_column width=&#8220;1\/4&#8243;]<h2 class=\"boc_heading  center  \"  style=\"margin-bottom: 20px;margin-top: 0px;color: #777777;font-size: 22px;\"><span>Email<\/span><\/h2>[vc_column_text el_class=&#8220;detail-contact detail-contact3&#8243;]<\/p>\n<h3 style=\"text-align: center;\"><a href=\"mailto:az.agri.bordone@virgilio.it\">az.agri.bordone@virgilio.it<\/a><\/h3>\n<p>[\/vc_column_text][\/vc_column][\/vc_row][\/vc_section]<\/p>\n<\/div>","protected":false},"excerpt":{"rendered":"<p>[vc_section el_class=&#8220;section_slider&#8220;][vc_row css=&#8220;.vc_custom_1529525443210{margin-bottom: 0px !important;}&#8220;][vc_column css=&#8220;.vc_custom_1529525407222{margin-bottom: 0px !important;}&#8220;][\/vc_column][\/vc_row][\/vc_section][vc_section el_class=&#8220;section_home_01&#8243;][vc_row][vc_column css_animation=&#8220;fadeInUp&#8220; width=&#8220;1\/2&#8243; el_class=&#8220;drawer-left&#8220;][vc_single_image css_animation=&#8220;boc_animate_when_almost_visible boc_fade-in&#8220; image=&#8220;740&#8243; css=&#8220;.vc_custom_1532944436794{border-top-width: 10px !important;border-right-width: 10px !important;border-bottom-width: 10px !important;border-left-width: 10px !important;border-left-color: #f3ca4f !important;border-left-style: solid !important;border-right-color: #f3ca4f !important;border-right-style: solid !important;border-top-color: #f3ca4f !important;border-top-style: solid !important;border-bottom-color: #f3ca4f !important;border-bottom-style: solid !important;}&#8220;][\/vc_column][vc_column width=&#8220;1\/2&#8243; el_class=&#8220;drawer-right&#8220;][vc_column_text] Der landwirtschaftliche Betrieb Bordone Giuseppe befindet sich in Mont\u00e0, nicht weit von Turin und Asti entfernt. Unser Familienbetrieb<\/p>\n<div class=\"h10\"><\/div>\n<p><a class=\"more-link1\" href=\"https:\/\/www.bordonegiuseppe.it\/de\/\">Read more<\/a><\/p>\n","protected":false},"author":9,"featured_media":0,"parent":0,"menu_order":0,"comment_status":"closed","ping_status":"closed","template":"","meta":{"footnotes":""},"class_list":["post-548","page","type-page","status-publish","hentry"],"aioseo_notices":[],"_links":{"self":[{"href":"https:\/\/www.bordonegiuseppe.it\/de\/wp-json\/wp\/v2\/pages\/548"}],"collection":[{"href":"https:\/\/www.bordonegiuseppe.it\/de\/wp-json\/wp\/v2\/pages"}],"about":[{"href":"https:\/\/www.bordonegiuseppe.it\/de\/wp-json\/wp\/v2\/types\/page"}],"author":[{"embeddable":true,"href":"https:\/\/www.bordonegiuseppe.it\/de\/wp-json\/wp\/v2\/users\/9"}],"replies":[{"embeddable":true,"href":"https:\/\/www.bordonegiuseppe.it\/de\/wp-json\/wp\/v2\/comments?post=548"}],"version-history":[{"count":5,"href":"https:\/\/www.bordonegiuseppe.it\/de\/wp-json\/wp\/v2\/pages\/548\/revisions"}],"predecessor-version":[{"id":1115,"href":"https:\/\/www.bordonegiuseppe.it\/de\/wp-json\/wp\/v2\/pages\/548\/revisions\/1115"}],"wp:attachment":[{"href":"https:\/\/www.bordonegiuseppe.it\/de\/wp-json\/wp\/v2\/media?parent=548"}],"curies":[{"name":"wp","href":"https:\/\/api.w.org\/{rel}","templated":true}]}}