{"id":554,"date":"2018-06-19T22:23:41","date_gmt":"2018-06-19T20:23:41","guid":{"rendered":"https:\/\/www.bordonegiuseppe.it\/la-storia\/"},"modified":"2018-10-31T12:30:29","modified_gmt":"2018-10-31T11:30:29","slug":"die-geschichte","status":"publish","type":"page","link":"https:\/\/www.bordonegiuseppe.it\/de\/die-geschichte\/","title":{"rendered":"Die Geschichte"},"content":{"rendered":"<div class=\"wpb-content-wrapper\"><p>[vc_section][vc_row][vc_column]\n\t\t\t<!-- START Internal slider REVOLUTION SLIDER 6.7.21 --><p class=\"rs-p-wp-fix\"><\/p>\n\t\t\t<rs-module-wrap id=\"rev_slider_2_1_wrapper\" data-source=\"gallery\" style=\"visibility:hidden;background:transparent;padding:0;margin:0px auto;margin-top:0;margin-bottom:0;\">\n\t\t\t\t<rs-module id=\"rev_slider_2_1\" style=\"\" data-version=\"6.7.21\">\n\t\t\t\t\t<rs-slides style=\"overflow: hidden; position: absolute;\">\n\t\t\t\t\t\t<rs-slide style=\"position: absolute;\" data-key=\"rs-2\" data-title=\"Slide\" data-anim=\"adpr:false;\">\n\t\t\t\t\t\t\t<img decoding=\"async\" src=\"\/\/www.bordonegiuseppe.it\/wp-content\/plugins\/revslider\/sr6\/assets\/assets\/dummy.png\" alt=\"\" title=\"Die Geschichte\" class=\"rev-slidebg tp-rs-img rs-lazyload\" data-lazyload=\"\/\/www.bordonegiuseppe.it\/wp-content\/uploads\/2018\/06\/AzAgr_Bordone_25.jpg\" data-no-retina>\n<!--\n\t\t\t\t\t\t\t--><rs-layer\n\t\t\t\t\t\t\t\tid=\"slider-2-slide-2-layer-2\" \n\t\t\t\t\t\t\t\tdata-type=\"text\"\n\t\t\t\t\t\t\t\tdata-rsp_ch=\"on\"\n\t\t\t\t\t\t\t\tdata-xy=\"x:l,l,l,c;xo:50px,50px,50px,10px;y:b;yo:50px;\"\n\t\t\t\t\t\t\t\tdata-text=\"s:90,70,60,50;l:90,70,60,60;a:inherit;\"\n\t\t\t\t\t\t\t\tdata-frame_0=\"y:50px;tp:600;\"\n\t\t\t\t\t\t\t\tdata-frame_1=\"tp:600;st:1000;sR:1000;\"\n\t\t\t\t\t\t\t\tdata-frame_999=\"y:-50px;o:0;tp:600;st:w;sR:7700;\"\n\t\t\t\t\t\t\t\tstyle=\"z-index:5;font-family:'Philosopher';\"\n\t\t\t\t\t\t\t>Bordone Giuseppe \n\t\t\t\t\t\t\t<\/rs-layer><!--\n-->\t\t\t\t\t<\/rs-slide>\n\t\t\t\t\t<\/rs-slides>\n\t\t\t\t<\/rs-module>\n\t\t\t\t<script>\n\t\t\t\t\tsetREVStartSize({c: 'rev_slider_2_1',rl:[1240,1024,778,480],el:[],gw:[1400,1024,778,480],gh:[500,400,300,300],type:'standard',justify:'',layout:'fullwidth',mh:\"0\"});if (window.RS_MODULES!==undefined && window.RS_MODULES.modules!==undefined && window.RS_MODULES.modules[\"revslider21\"]!==undefined) {window.RS_MODULES.modules[\"revslider21\"].once = false;window.revapi2 = undefined;if (window.RS_MODULES.checkMinimal!==undefined) window.RS_MODULES.checkMinimal()}\n\t\t\t\t<\/script>\n\t\t\t<\/rs-module-wrap>\n\t\t\t<!-- END REVOLUTION SLIDER -->\n[\/vc_column][\/vc_row][\/vc_section][vc_section][vc_row][vc_column width=&#8220;1\/2&#8243;]<h1 class=\"boc_heading  al_left  \"  style=\"margin-bottom: 20px;margin-top: 0px;color: #000000;font-size: 40px;\"><span>Wo der Arneis &#8211; Wein, die duftende wei\u00dfe Freude, produziert wird.<\/span><\/h1><h2 class=\"boc_heading  al_left  \"  style=\"margin-bottom: 20px;margin-top: 0px;color: #000000;font-size: 40px;\"><span>Barbera, ein Wein aus dem 17. Jahrhundert, und die Nebbiolo -Traube, die es seit dem Ende des 15. Jahrhunderts gibt. <\/span><\/h2>[vc_column_text]Der Landwirtschaftsbetrieb Bordone Giuseppe befindet sich in der Gemeinde Mont\u00e0, am Zusammenfluss der Provinzen Cuneo, Turin und Asti. Seine alten Reben befinden sich im Herzen des Roero, dessen Name auf eine alte Grafenfamilie zur\u00fcckgeht.<\/p>\n<p>Der Boden hat eine einzigartige gelb-ocker Farbe aufgrund der hohen Pr\u00e4senz von Sand und marinen Fossilresten, von denen noch heute Spuren gefunden werden k\u00f6nnen. Alte Dokumente zeigen, dass zus\u00e4tzlich zu der Arneis-Traube, ab dem Anfang des 14. Jahrhunderts, in der Umgebung: Nebbiolo-Traube ab dem Ende des 15. Jh., aber auch die Barbera Trauben ab dem Jahr 1600 pr\u00e4sent waren.<\/p>\n<p>Wir besitzen 14 Hektar Weinberge, die das Potenzial der einheimischen Trauben verbessern, und kultivieren in einer perfekten Kombination aus Tradition und Innovation, um die besten Weine zu erhalten. Vier Generationen von Landwirten haben dazu beigetragen, den Namen Bordone zuerst innerhalb der nationalen Grenzen und sp\u00e4ter international bekannt zu machen.[\/vc_column_text][\/vc_column][vc_column width=&#8220;1\/2&#8243;][vc_single_image image=&#8220;466&#8243;][\/vc_column][\/vc_row][\/vc_section]<\/p>\n<\/div>","protected":false},"excerpt":{"rendered":"<p>[vc_section][vc_row][vc_column][\/vc_column][\/vc_row][\/vc_section][vc_section][vc_row][vc_column width=&#8220;1\/2&#8243;][vc_column_text]Der Landwirtschaftsbetrieb Bordone Giuseppe befindet sich in der Gemeinde Mont\u00e0, am Zusammenfluss der Provinzen Cuneo, Turin und Asti. Seine alten Reben befinden sich im Herzen des Roero, dessen Name auf eine alte Grafenfamilie zur\u00fcckgeht. Der Boden hat eine einzigartige gelb-ocker Farbe aufgrund der hohen Pr\u00e4senz von Sand und marinen Fossilresten, von denen noch heute Spuren gefunden werden k\u00f6nnen. Alte<\/p>\n<div class=\"h10\"><\/div>\n<p><a class=\"more-link1\" href=\"https:\/\/www.bordonegiuseppe.it\/de\/die-geschichte\/\">Read more<\/a><\/p>\n","protected":false},"author":9,"featured_media":0,"parent":0,"menu_order":0,"comment_status":"closed","ping_status":"closed","template":"","meta":{"footnotes":""},"class_list":["post-554","page","type-page","status-publish","hentry"],"aioseo_notices":[],"_links":{"self":[{"href":"https:\/\/www.bordonegiuseppe.it\/de\/wp-json\/wp\/v2\/pages\/554"}],"collection":[{"href":"https:\/\/www.bordonegiuseppe.it\/de\/wp-json\/wp\/v2\/pages"}],"about":[{"href":"https:\/\/www.bordonegiuseppe.it\/de\/wp-json\/wp\/v2\/types\/page"}],"author":[{"embeddable":true,"href":"https:\/\/www.bordonegiuseppe.it\/de\/wp-json\/wp\/v2\/users\/9"}],"replies":[{"embeddable":true,"href":"https:\/\/www.bordonegiuseppe.it\/de\/wp-json\/wp\/v2\/comments?post=554"}],"version-history":[{"count":3,"href":"https:\/\/www.bordonegiuseppe.it\/de\/wp-json\/wp\/v2\/pages\/554\/revisions"}],"predecessor-version":[{"id":691,"href":"https:\/\/www.bordonegiuseppe.it\/de\/wp-json\/wp\/v2\/pages\/554\/revisions\/691"}],"wp:attachment":[{"href":"https:\/\/www.bordonegiuseppe.it\/de\/wp-json\/wp\/v2\/media?parent=554"}],"curies":[{"name":"wp","href":"https:\/\/api.w.org\/{rel}","templated":true}]}}