{"id":566,"date":"2018-06-19T22:22:03","date_gmt":"2018-06-19T20:22:03","guid":{"rendered":"https:\/\/www.bordonegiuseppe.it\/i-vini\/"},"modified":"2018-10-29T10:18:09","modified_gmt":"2018-10-29T09:18:09","slug":"die-weine","status":"publish","type":"page","link":"https:\/\/www.bordonegiuseppe.it\/de\/die-weine\/","title":{"rendered":"Die Weine"},"content":{"rendered":"<div class=\"wpb-content-wrapper\"><p>[vc_section][vc_row][vc_column]\n\t\t\t<!-- START Internal slider REVOLUTION SLIDER 6.7.21 --><p class=\"rs-p-wp-fix\"><\/p>\n\t\t\t<rs-module-wrap id=\"rev_slider_2_1_wrapper\" data-source=\"gallery\" style=\"visibility:hidden;background:transparent;padding:0;margin:0px auto;margin-top:0;margin-bottom:0;\">\n\t\t\t\t<rs-module id=\"rev_slider_2_1\" style=\"\" data-version=\"6.7.21\">\n\t\t\t\t\t<rs-slides style=\"overflow: hidden; position: absolute;\">\n\t\t\t\t\t\t<rs-slide style=\"position: absolute;\" data-key=\"rs-2\" data-title=\"Slide\" data-anim=\"adpr:false;\">\n\t\t\t\t\t\t\t<img decoding=\"async\" src=\"\/\/www.bordonegiuseppe.it\/wp-content\/plugins\/revslider\/sr6\/assets\/assets\/dummy.png\" alt=\"\" title=\"Die Weine\" class=\"rev-slidebg tp-rs-img rs-lazyload\" data-lazyload=\"\/\/www.bordonegiuseppe.it\/wp-content\/uploads\/2018\/06\/AzAgr_Bordone_25.jpg\" data-no-retina>\n<!--\n\t\t\t\t\t\t\t--><rs-layer\n\t\t\t\t\t\t\t\tid=\"slider-2-slide-2-layer-2\" \n\t\t\t\t\t\t\t\tdata-type=\"text\"\n\t\t\t\t\t\t\t\tdata-rsp_ch=\"on\"\n\t\t\t\t\t\t\t\tdata-xy=\"x:l,l,l,c;xo:50px,50px,50px,10px;y:b;yo:50px;\"\n\t\t\t\t\t\t\t\tdata-text=\"s:90,70,60,50;l:90,70,60,60;a:inherit;\"\n\t\t\t\t\t\t\t\tdata-frame_0=\"y:50px;tp:600;\"\n\t\t\t\t\t\t\t\tdata-frame_1=\"tp:600;st:1000;sR:1000;\"\n\t\t\t\t\t\t\t\tdata-frame_999=\"y:-50px;o:0;tp:600;st:w;sR:7700;\"\n\t\t\t\t\t\t\t\tstyle=\"z-index:5;font-family:'Philosopher';\"\n\t\t\t\t\t\t\t>Bordone Giuseppe \n\t\t\t\t\t\t\t<\/rs-layer><!--\n-->\t\t\t\t\t<\/rs-slide>\n\t\t\t\t\t<\/rs-slides>\n\t\t\t\t<\/rs-module>\n\t\t\t\t<script>\n\t\t\t\t\tsetREVStartSize({c: 'rev_slider_2_1',rl:[1240,1024,778,480],el:[],gw:[1400,1024,778,480],gh:[500,400,300,300],type:'standard',justify:'',layout:'fullwidth',mh:\"0\"});if (window.RS_MODULES!==undefined && window.RS_MODULES.modules!==undefined && window.RS_MODULES.modules[\"revslider21\"]!==undefined) {window.RS_MODULES.modules[\"revslider21\"].once = false;window.revapi2 = undefined;if (window.RS_MODULES.checkMinimal!==undefined) window.RS_MODULES.checkMinimal()}\n\t\t\t\t<\/script>\n\t\t\t<\/rs-module-wrap>\n\t\t\t<!-- END REVOLUTION SLIDER -->\n[\/vc_column][\/vc_row][\/vc_section][vc_section][vc_row][vc_column width=&#8220;2\/3&#8243;]<h1 class=\"boc_heading  al_left  \"  style=\"margin-bottom: 20px;margin-top: 0px;color: #000000;font-size: 40px;\"><span>Weine aus einheimischen Trauben: Arneis, Nebbiolo und Barbera<\/span><\/h1><h2 class=\"boc_heading  al_left  \"  style=\"margin-bottom: 20px;margin-top: 0px;color: #000000;font-size: 40px;\"><span>Weine des Roero, hervorragende Rotweine und erhabene Wei\u00dfweine <\/span><\/h2>[vc_column_text]Der Landwirtschaftsbetrieb Bordone Giuseppe ist in Italien und international f\u00fcr die Produktion von ausgezeichneten piemontesischen Weinen bekannt. Wir haben immer das Potenzial der einheimischen Trauben von Roero, unserem Land, gesch\u00e4tzt.<\/p>\n<p>Tradition und Streben nach Perfektion: sind unser Ma\u00dfstab und unser Ziel. Die Weine von Roero sind das Ergebnis eines Rohstoffes von extremem Wert. Unsere Arbeit beginnt auf dem Land, bei der Auswahl der besten Trauben bis zur Arbeit des Landwirts, der zum Schutz des Territoriums arbeitet.<\/p>\n<p>Die einheimischen Arneis und Nebbiolo Trauben beleben die von DOCG und dem Consorzio del Roero gesch\u00fctzten Weine. Gem\u00e4\u00df den Spezifikationen ist der Name &#8222;Roero&#8220; f\u00fcr Rotweine aus Nebbiolo-Trauben reserviert. Der Name &#8222;Roero Arneis&#8220; ist stattdessen f\u00fcr Wei\u00dfweine aus Arneis-Trauben reserviert.[\/vc_column_text]<div class=\"boc_spacing \" style=\"height: 10px\"><\/div>[\/vc_column][vc_column width=&#8220;1\/3&#8243;][vc_single_image css_animation=&#8220;boc_animate_when_almost_visible boc_bottom-to-top&#8220; image=&#8220;444&#8243;][\/vc_column][\/vc_row][\/vc_section]<\/p>\n<\/div>","protected":false},"excerpt":{"rendered":"<p>[vc_section][vc_row][vc_column][\/vc_column][\/vc_row][\/vc_section][vc_section][vc_row][vc_column width=&#8220;2\/3&#8243;][vc_column_text]Der Landwirtschaftsbetrieb Bordone Giuseppe ist in Italien und international f\u00fcr die Produktion von ausgezeichneten piemontesischen Weinen bekannt. Wir haben immer das Potenzial der einheimischen Trauben von Roero, unserem Land, gesch\u00e4tzt. Tradition und Streben nach Perfektion: sind unser Ma\u00dfstab und unser Ziel. Die Weine von Roero sind das Ergebnis eines Rohstoffes von extremem Wert. Unsere Arbeit beginnt auf dem Land,<\/p>\n<div class=\"h10\"><\/div>\n<p><a class=\"more-link1\" href=\"https:\/\/www.bordonegiuseppe.it\/de\/die-weine\/\">Read more<\/a><\/p>\n","protected":false},"author":9,"featured_media":0,"parent":0,"menu_order":0,"comment_status":"closed","ping_status":"closed","template":"","meta":{"footnotes":""},"class_list":["post-566","page","type-page","status-publish","hentry"],"aioseo_notices":[],"_links":{"self":[{"href":"https:\/\/www.bordonegiuseppe.it\/de\/wp-json\/wp\/v2\/pages\/566"}],"collection":[{"href":"https:\/\/www.bordonegiuseppe.it\/de\/wp-json\/wp\/v2\/pages"}],"about":[{"href":"https:\/\/www.bordonegiuseppe.it\/de\/wp-json\/wp\/v2\/types\/page"}],"author":[{"embeddable":true,"href":"https:\/\/www.bordonegiuseppe.it\/de\/wp-json\/wp\/v2\/users\/9"}],"replies":[{"embeddable":true,"href":"https:\/\/www.bordonegiuseppe.it\/de\/wp-json\/wp\/v2\/comments?post=566"}],"version-history":[{"count":3,"href":"https:\/\/www.bordonegiuseppe.it\/de\/wp-json\/wp\/v2\/pages\/566\/revisions"}],"predecessor-version":[{"id":571,"href":"https:\/\/www.bordonegiuseppe.it\/de\/wp-json\/wp\/v2\/pages\/566\/revisions\/571"}],"wp:attachment":[{"href":"https:\/\/www.bordonegiuseppe.it\/de\/wp-json\/wp\/v2\/media?parent=566"}],"curies":[{"name":"wp","href":"https:\/\/api.w.org\/{rel}","templated":true}]}}