{"id":597,"date":"2018-06-21T23:12:53","date_gmt":"2018-06-21T21:12:53","guid":{"rendered":"https:\/\/www.bordonegiuseppe.it\/barbera-dalba-doc\/"},"modified":"2024-02-22T16:52:45","modified_gmt":"2024-02-22T15:52:45","slug":"barbera-dalba-doc","status":"publish","type":"page","link":"https:\/\/www.bordonegiuseppe.it\/de\/barbera-dalba-doc\/","title":{"rendered":"BARBERA D&#8217;ALBA D.O.C."},"content":{"rendered":"<div class=\"wpb-content-wrapper\"><p>[vc_section css=&#8220;.vc_custom_1529937450279{margin-top: 50px !important;margin-bottom: 80px !important;}&#8220;][vc_row][vc_column width=&#8220;1\/2&#8243;][vc_single_image alignment=&#8220;center&#8220; image=&#8220;991&#8243;][\/vc_column][vc_column width=&#8220;1\/2&#8243;]<h2 class=\"boc_heading  al_left  \"  style=\"margin-bottom: 20px;margin-top: 0px;color: #000000;font-size: 24px;\"><span>BARBERA D&#8217;ALBA D.O.C.<\/span><\/h2>[vc_column_text]Barbera ist der Weinstock, der am meisten dem Charakter der Piemonteser \u00e4hnelt: rauh, stur, stark, entschlossen, starrsinnig und still.<br \/>\nDer Barbera hat eine leuchtende rubinrote Farbe mit vollen und deutlichen Nuancen. In der Nase werden Aromen freigesetzt, die uns zu frischen Fr\u00fcchten zur\u00fcckbringen.<br \/>\nDer Gaumen ist voll und umh\u00fcllend, mit einer immer offensichtlichen S\u00e4ure, die ihm Frische verleiht und ihn f\u00fcr die Bed\u00fcrfnisse des modernen Trinkens geeignet macht.<br \/>\nBei 16-18 \u00b0C servieren.<br \/>\n[\/vc_column_text][vc_single_image image=&#8220;742&#8243;][\/vc_column][\/vc_row][\/vc_section]<\/p>\n<\/div>","protected":false},"excerpt":{"rendered":"<p>[vc_section css=&#8220;.vc_custom_1529937450279{margin-top: 50px !important;margin-bottom: 80px !important;}&#8220;][vc_row][vc_column width=&#8220;1\/2&#8243;][vc_single_image alignment=&#8220;center&#8220; image=&#8220;991&#8243;][\/vc_column][vc_column width=&#8220;1\/2&#8243;][vc_column_text]Barbera ist der Weinstock, der am meisten dem Charakter der Piemonteser \u00e4hnelt: rauh, stur, stark, entschlossen, starrsinnig und still. Der Barbera hat eine leuchtende rubinrote Farbe mit vollen und deutlichen Nuancen. In der Nase werden Aromen freigesetzt, die uns zu frischen Fr\u00fcchten zur\u00fcckbringen. Der Gaumen ist voll und umh\u00fcllend, mit einer<\/p>\n<div class=\"h10\"><\/div>\n<p><a class=\"more-link1\" href=\"https:\/\/www.bordonegiuseppe.it\/de\/barbera-dalba-doc\/\">Read more<\/a><\/p>\n","protected":false},"author":9,"featured_media":0,"parent":0,"menu_order":0,"comment_status":"closed","ping_status":"closed","template":"","meta":{"footnotes":""},"class_list":["post-597","page","type-page","status-publish","hentry"],"aioseo_notices":[],"_links":{"self":[{"href":"https:\/\/www.bordonegiuseppe.it\/de\/wp-json\/wp\/v2\/pages\/597"}],"collection":[{"href":"https:\/\/www.bordonegiuseppe.it\/de\/wp-json\/wp\/v2\/pages"}],"about":[{"href":"https:\/\/www.bordonegiuseppe.it\/de\/wp-json\/wp\/v2\/types\/page"}],"author":[{"embeddable":true,"href":"https:\/\/www.bordonegiuseppe.it\/de\/wp-json\/wp\/v2\/users\/9"}],"replies":[{"embeddable":true,"href":"https:\/\/www.bordonegiuseppe.it\/de\/wp-json\/wp\/v2\/comments?post=597"}],"version-history":[{"count":3,"href":"https:\/\/www.bordonegiuseppe.it\/de\/wp-json\/wp\/v2\/pages\/597\/revisions"}],"predecessor-version":[{"id":1032,"href":"https:\/\/www.bordonegiuseppe.it\/de\/wp-json\/wp\/v2\/pages\/597\/revisions\/1032"}],"wp:attachment":[{"href":"https:\/\/www.bordonegiuseppe.it\/de\/wp-json\/wp\/v2\/media?parent=597"}],"curies":[{"name":"wp","href":"https:\/\/api.w.org\/{rel}","templated":true}]}}