{"id":607,"date":"2018-07-30T12:53:55","date_gmt":"2018-07-30T10:53:55","guid":{"rendered":"https:\/\/www.bordonegiuseppe.it\/il-bricat-dolce\/"},"modified":"2024-02-22T16:58:21","modified_gmt":"2024-02-22T15:58:21","slug":"il-bricat-dolce","status":"publish","type":"page","link":"https:\/\/www.bordonegiuseppe.it\/de\/il-bricat-dolce\/","title":{"rendered":"S\u00dcI\u00dfER ROTEWEIN &#8222;Bricat&#8220;"},"content":{"rendered":"<div class=\"wpb-content-wrapper\"><p>[vc_section css=&#8220;.vc_custom_1529937433788{margin-top: 50px !important;margin-bottom: 80px !important;}&#8220;][vc_row][vc_column width=&#8220;1\/2&#8243;][vc_single_image alignment=&#8220;center&#8220; image=&#8220;1009&#8243;][\/vc_column][vc_column width=&#8220;1\/2&#8243;]<h2 class=\"boc_heading  al_left  \"  style=\"margin-bottom: 20px;margin-top: 0px;color: #000000;font-size: 24px;\"><span>S\u00dcI\u00dfER ROTEWEIN &#8222;Bricat&#8220;<\/span><\/h2>[vc_column_text]Dieser Rotwein w\u00e4chst in den Roero-Weinbergen auf einem kleinen H\u00fcgel der im piemontesischen Dialekt &#8222;Bricat&#8220; genannt wird und nachdem er auch benannt ist.<br \/>\nEr hat eine mittel intensive rubinrote Farbe und neigt zu Ros\u00e9. Er besitzt einen sehr zarten Duft mit blumigen Noten von Rosen und Veilchen, sowie einen s\u00fc\u00dfen Geschmack aufgrund eines leichten Zuckerrestes, der ihn weich und gleichzeitig zart macht.<br \/>\nGro\u00dfartig, um Desserts und trockenes Geb\u00e4ck zu begleiten.<br \/>\nBei 10-12 \u00b0C servieren.[\/vc_column_text][vc_single_image image=&#8220;742&#8243;][\/vc_column][\/vc_row][vc_row disable_element=&#8220;yes&#8220; css=&#8220;.vc_custom_1529937405863{margin-top: 120px !important;margin-bottom: 70px !important;}&#8220;][vc_column]\n\t\t<!--New Tabs-->\n\t\t<div class=\"newtabs clearfix horizontal \">\n\t\t\t<ul class=\"resp-tabs-list\">\n\t\t\t<\/ul>\n\t\t\t<div class=\"resp-tabs-container\">\n\t\t<div class=\"single_tab_div\" rel-title=\"Descrizione\" rel-icon=\"\">[vc_column_text]Sed ut perspiciatis unde omnis iste natus error sit voluptatem accusantium doloremque laudantium, totam rem aperiam, eaque ipsa quae ab illo inventore veritatis et quasi architecto beatae vitae dicta sunt explicabo. Nemo enim ipsam voluptatem quia voluptas sit aspernatur aut odit aut .[\/vc_column_text]<\/div><div class=\"single_tab_div\" rel-title=\"INFORMAZIONI AGGIUNTIVE\" rel-icon=\"\">[vc_column_text]Sed ut perspiciatis unde omnis iste natus error sit voluptatem accusantium doloremque laudantium, totam rem aperiam, eaque ipsa quae ab illo inventore veritatis et quasi architecto beatae vitae dicta sunt explicabo. Nemo enim ipsam voluptatem quia voluptas sit aspernatur aut odit aut .[\/vc_column_text]<\/div><div class=\"single_tab_div\" rel-title=\"RECENSIONI\" rel-icon=\"\">[vc_column_text]Sed ut perspiciatis unde omnis iste natus error sit voluptatem accusantium doloremque laudantium, totam rem aperiam, eaque ipsa quae ab illo inventore veritatis et quasi architecto beatae vitae dicta sunt explicabo. Nemo enim ipsam voluptatem quia voluptas sit aspernatur aut odit aut .[\/vc_column_text]<\/div><\/div>\n\t\t\t\t<\/div>[\/vc_column][\/vc_row][\/vc_section]<\/p>\n<\/div>","protected":false},"excerpt":{"rendered":"<p>[vc_section css=&#8220;.vc_custom_1529937433788{margin-top: 50px !important;margin-bottom: 80px !important;}&#8220;][vc_row][vc_column width=&#8220;1\/2&#8243;][vc_single_image alignment=&#8220;center&#8220; image=&#8220;1009&#8243;][\/vc_column][vc_column width=&#8220;1\/2&#8243;][vc_column_text]Dieser Rotwein w\u00e4chst in den Roero-Weinbergen auf einem kleinen H\u00fcgel der im piemontesischen Dialekt &#8222;Bricat&#8220; genannt wird und nachdem er auch benannt ist. Er hat eine mittel intensive rubinrote Farbe und neigt zu Ros\u00e9. Er besitzt einen sehr zarten Duft mit blumigen Noten von Rosen und Veilchen, sowie einen s\u00fc\u00dfen Geschmack<\/p>\n<div class=\"h10\"><\/div>\n<p><a class=\"more-link1\" href=\"https:\/\/www.bordonegiuseppe.it\/de\/il-bricat-dolce\/\">Read more<\/a><\/p>\n","protected":false},"author":9,"featured_media":0,"parent":0,"menu_order":0,"comment_status":"closed","ping_status":"closed","template":"","meta":{"footnotes":""},"class_list":["post-607","page","type-page","status-publish","hentry"],"aioseo_notices":[],"_links":{"self":[{"href":"https:\/\/www.bordonegiuseppe.it\/de\/wp-json\/wp\/v2\/pages\/607"}],"collection":[{"href":"https:\/\/www.bordonegiuseppe.it\/de\/wp-json\/wp\/v2\/pages"}],"about":[{"href":"https:\/\/www.bordonegiuseppe.it\/de\/wp-json\/wp\/v2\/types\/page"}],"author":[{"embeddable":true,"href":"https:\/\/www.bordonegiuseppe.it\/de\/wp-json\/wp\/v2\/users\/9"}],"replies":[{"embeddable":true,"href":"https:\/\/www.bordonegiuseppe.it\/de\/wp-json\/wp\/v2\/comments?post=607"}],"version-history":[{"count":5,"href":"https:\/\/www.bordonegiuseppe.it\/de\/wp-json\/wp\/v2\/pages\/607\/revisions"}],"predecessor-version":[{"id":1044,"href":"https:\/\/www.bordonegiuseppe.it\/de\/wp-json\/wp\/v2\/pages\/607\/revisions\/1044"}],"wp:attachment":[{"href":"https:\/\/www.bordonegiuseppe.it\/de\/wp-json\/wp\/v2\/media?parent=607"}],"curies":[{"name":"wp","href":"https:\/\/api.w.org\/{rel}","templated":true}]}}