{"id":633,"date":"2018-07-30T15:42:00","date_gmt":"2018-07-30T13:42:00","guid":{"rendered":"https:\/\/www.bordonegiuseppe.it\/roero-arneis\/"},"modified":"2024-02-29T12:34:13","modified_gmt":"2024-02-29T11:34:13","slug":"roero-arneis","status":"publish","type":"page","link":"https:\/\/www.bordonegiuseppe.it\/de\/roero-arneis\/","title":{"rendered":"ROERO ARNEIS D.O.C.G."},"content":{"rendered":"<div class=\"wpb-content-wrapper\"><p>[vc_section css=&#8220;.vc_custom_1529937433788{margin-top: 50px !important;margin-bottom: 80px !important;}&#8220;][vc_row][vc_column width=&#8220;1\/2&#8243;][vc_single_image alignment=&#8220;center&#8220; image=&#8220;1094&#8243;][\/vc_column][vc_column width=&#8220;1\/2&#8243;]<h2 class=\"boc_heading  al_left  \"  style=\"margin-bottom: 20px;margin-top: 0px;color: #000000;font-size: 24px;\"><span>ROERO ARNEIS D.O.C.G. <\/span><\/h2>[vc_column_text]Der Roero Arneis d.o.c.g. wird aus alten genetischen Erbst\u00e4mmen hergestellt.<br \/>\nDie Farbe ist strohgelb mit gr\u00fcnlichen Reflexen, der zarte Duft ist komplex, weich, mit Blumennoten wie Ginster, Kamille und wei\u00dfen Fr\u00fcchte.<br \/>\nEin trockener und harmonischer Geschmack mit einer angenehmen s\u00e4uerlichen Ader, die Frische verleiht.<br \/>\nServieren bei 8-10 \u00b0C.[\/vc_column_text][vc_single_image image=&#8220;742&#8243;][\/vc_column][\/vc_row][vc_row disable_element=&#8220;yes&#8220; css=&#8220;.vc_custom_1529937405863{margin-top: 120px !important;margin-bottom: 70px !important;}&#8220;][vc_column]\n\t\t<!--New Tabs-->\n\t\t<div class=\"newtabs clearfix horizontal \">\n\t\t\t<ul class=\"resp-tabs-list\">\n\t\t\t<\/ul>\n\t\t\t<div class=\"resp-tabs-container\">\n\t\t<div class=\"single_tab_div\" rel-title=\"Descrizione\" rel-icon=\"\">[vc_column_text]Sed ut perspiciatis unde omnis iste natus error sit voluptatem accusantium doloremque laudantium, totam rem aperiam, eaque ipsa quae ab illo inventore veritatis et quasi architecto beatae vitae dicta sunt explicabo. Nemo enim ipsam voluptatem quia voluptas sit aspernatur aut odit aut .[\/vc_column_text]<\/div><div class=\"single_tab_div\" rel-title=\"INFORMAZIONI AGGIUNTIVE\" rel-icon=\"\">[vc_column_text]Sed ut perspiciatis unde omnis iste natus error sit voluptatem accusantium doloremque laudantium, totam rem aperiam, eaque ipsa quae ab illo inventore veritatis et quasi architecto beatae vitae dicta sunt explicabo. Nemo enim ipsam voluptatem quia voluptas sit aspernatur aut odit aut .[\/vc_column_text]<\/div><div class=\"single_tab_div\" rel-title=\"RECENSIONI\" rel-icon=\"\">[vc_column_text]Sed ut perspiciatis unde omnis iste natus error sit voluptatem accusantium doloremque laudantium, totam rem aperiam, eaque ipsa quae ab illo inventore veritatis et quasi architecto beatae vitae dicta sunt explicabo. Nemo enim ipsam voluptatem quia voluptas sit aspernatur aut odit aut .[\/vc_column_text]<\/div><\/div>\n\t\t\t\t<\/div>[\/vc_column][\/vc_row][\/vc_section]<\/p>\n<\/div>","protected":false},"excerpt":{"rendered":"<p>[vc_section css=&#8220;.vc_custom_1529937433788{margin-top: 50px !important;margin-bottom: 80px !important;}&#8220;][vc_row][vc_column width=&#8220;1\/2&#8243;][vc_single_image alignment=&#8220;center&#8220; image=&#8220;1094&#8243;][\/vc_column][vc_column width=&#8220;1\/2&#8243;][vc_column_text]Der Roero Arneis d.o.c.g. wird aus alten genetischen Erbst\u00e4mmen hergestellt. Die Farbe ist strohgelb mit gr\u00fcnlichen Reflexen, der zarte Duft ist komplex, weich, mit Blumennoten wie Ginster, Kamille und wei\u00dfen Fr\u00fcchte. Ein trockener und harmonischer Geschmack mit einer angenehmen s\u00e4uerlichen Ader, die Frische verleiht. Servieren bei 8-10 \u00b0C.[\/vc_column_text][vc_single_image image=&#8220;742&#8243;][\/vc_column][\/vc_row][vc_row disable_element=&#8220;yes&#8220; css=&#8220;.vc_custom_1529937405863{margin-top:<\/p>\n<div class=\"h10\"><\/div>\n<p><a class=\"more-link1\" href=\"https:\/\/www.bordonegiuseppe.it\/de\/roero-arneis\/\">Read more<\/a><\/p>\n","protected":false},"author":9,"featured_media":0,"parent":0,"menu_order":0,"comment_status":"closed","ping_status":"closed","template":"","meta":{"footnotes":""},"class_list":["post-633","page","type-page","status-publish","hentry"],"aioseo_notices":[],"_links":{"self":[{"href":"https:\/\/www.bordonegiuseppe.it\/de\/wp-json\/wp\/v2\/pages\/633"}],"collection":[{"href":"https:\/\/www.bordonegiuseppe.it\/de\/wp-json\/wp\/v2\/pages"}],"about":[{"href":"https:\/\/www.bordonegiuseppe.it\/de\/wp-json\/wp\/v2\/types\/page"}],"author":[{"embeddable":true,"href":"https:\/\/www.bordonegiuseppe.it\/de\/wp-json\/wp\/v2\/users\/9"}],"replies":[{"embeddable":true,"href":"https:\/\/www.bordonegiuseppe.it\/de\/wp-json\/wp\/v2\/comments?post=633"}],"version-history":[{"count":5,"href":"https:\/\/www.bordonegiuseppe.it\/de\/wp-json\/wp\/v2\/pages\/633\/revisions"}],"predecessor-version":[{"id":1100,"href":"https:\/\/www.bordonegiuseppe.it\/de\/wp-json\/wp\/v2\/pages\/633\/revisions\/1100"}],"wp:attachment":[{"href":"https:\/\/www.bordonegiuseppe.it\/de\/wp-json\/wp\/v2\/media?parent=633"}],"curies":[{"name":"wp","href":"https:\/\/api.w.org\/{rel}","templated":true}]}}