{"id":659,"date":"2018-06-19T22:21:33","date_gmt":"2018-06-19T20:21:33","guid":{"rendered":"https:\/\/www.bordonegiuseppe.it\/i-vigneti\/"},"modified":"2018-10-31T13:06:14","modified_gmt":"2018-10-31T12:06:14","slug":"i-vigneti","status":"publish","type":"page","link":"https:\/\/www.bordonegiuseppe.it\/de\/i-vigneti\/","title":{"rendered":"Weinberg"},"content":{"rendered":"<div class=\"wpb-content-wrapper\"><p>[vc_section][vc_row][vc_column]\n\t\t\t<!-- START Internal slider REVOLUTION SLIDER 6.7.21 --><p class=\"rs-p-wp-fix\"><\/p>\n\t\t\t<rs-module-wrap id=\"rev_slider_2_1_wrapper\" data-source=\"gallery\" style=\"visibility:hidden;background:transparent;padding:0;margin:0px auto;margin-top:0;margin-bottom:0;\">\n\t\t\t\t<rs-module id=\"rev_slider_2_1\" style=\"\" data-version=\"6.7.21\">\n\t\t\t\t\t<rs-slides style=\"overflow: hidden; position: absolute;\">\n\t\t\t\t\t\t<rs-slide style=\"position: absolute;\" data-key=\"rs-2\" data-title=\"Slide\" data-anim=\"adpr:false;\">\n\t\t\t\t\t\t\t<img decoding=\"async\" src=\"\/\/www.bordonegiuseppe.it\/wp-content\/plugins\/revslider\/sr6\/assets\/assets\/dummy.png\" alt=\"\" title=\"Weinberg\" class=\"rev-slidebg tp-rs-img rs-lazyload\" data-lazyload=\"\/\/www.bordonegiuseppe.it\/wp-content\/uploads\/2018\/06\/AzAgr_Bordone_25.jpg\" data-no-retina>\n<!--\n\t\t\t\t\t\t\t--><rs-layer\n\t\t\t\t\t\t\t\tid=\"slider-2-slide-2-layer-2\" \n\t\t\t\t\t\t\t\tdata-type=\"text\"\n\t\t\t\t\t\t\t\tdata-rsp_ch=\"on\"\n\t\t\t\t\t\t\t\tdata-xy=\"x:l,l,l,c;xo:50px,50px,50px,10px;y:b;yo:50px;\"\n\t\t\t\t\t\t\t\tdata-text=\"s:90,70,60,50;l:90,70,60,60;a:inherit;\"\n\t\t\t\t\t\t\t\tdata-frame_0=\"y:50px;tp:600;\"\n\t\t\t\t\t\t\t\tdata-frame_1=\"tp:600;st:1000;sR:1000;\"\n\t\t\t\t\t\t\t\tdata-frame_999=\"y:-50px;o:0;tp:600;st:w;sR:7700;\"\n\t\t\t\t\t\t\t\tstyle=\"z-index:5;font-family:'Philosopher';\"\n\t\t\t\t\t\t\t>Bordone Giuseppe \n\t\t\t\t\t\t\t<\/rs-layer><!--\n-->\t\t\t\t\t<\/rs-slide>\n\t\t\t\t\t<\/rs-slides>\n\t\t\t\t<\/rs-module>\n\t\t\t\t<script>\n\t\t\t\t\tsetREVStartSize({c: 'rev_slider_2_1',rl:[1240,1024,778,480],el:[],gw:[1400,1024,778,480],gh:[500,400,300,300],type:'standard',justify:'',layout:'fullwidth',mh:\"0\"});if (window.RS_MODULES!==undefined && window.RS_MODULES.modules!==undefined && window.RS_MODULES.modules[\"revslider21\"]!==undefined) {window.RS_MODULES.modules[\"revslider21\"].once = false;window.revapi2 = undefined;if (window.RS_MODULES.checkMinimal!==undefined) window.RS_MODULES.checkMinimal()}\n\t\t\t\t<\/script>\n\t\t\t<\/rs-module-wrap>\n\t\t\t<!-- END REVOLUTION SLIDER -->\n[\/vc_column][\/vc_row][\/vc_section][vc_section][vc_row][vc_column width=&#8220;1\/2&#8243;]<h1 class=\"boc_heading  al_left  \"  style=\"margin-bottom: 20px;margin-top: 0px;color: #000000;font-size: 40px;\"><span>Weinberge im Roero-Gebiet: Arneis, Nebbiolo und Barbera<\/span><\/h1><h2 class=\"boc_heading  al_left  \"  style=\"margin-bottom: 20px;margin-top: 0px;color: #000000;font-size: 40px;\"><span>Die Barbera-Truben und die anderen Trauben in der Mont\u00e0 Gegend <\/span><\/h2>[vc_column_text css=&#8220;.vc_custom_1540987467251{margin-bottom: 10px !important;}&#8220;]Die Azienda Agricola Bordone Giuseppe erstreckt sich \u00fcber 14 Hektar, die sich haupts\u00e4chlich um das Weingut in der Gemeinde von Mont\u00e0 in der Provinz Cuneo befinden. Es gibt andere Weinberge in Canale und Santo Stefano Roero.<\/p>\n<p>Insgesamt haben wir Weinberge auf 6 verschiedenen H\u00fcgeln.<\/p>\n<p>Seit 2017 sind die &#8222;Cru&#8220; oder Teilbereiche des Roero nach 10-j\u00e4hriger Forschungsarbeit entstanden. Viele unserer Weinberge fallen in diese Bereiche.[\/vc_column_text][\/vc_column][vc_column width=&#8220;1\/2&#8243;][vc_single_image css_animation=&#8220;boc_animate_when_almost_visible boc_fade-in&#8220; image=&#8220;447&#8243;][\/vc_column][\/vc_row][vc_row][vc_column][vc_column_text]Der einzige Wein, der das Herkunftsgebiet in den Namen bringt, ist das Roero &#8222;Bric del Medic&#8220;, wo die Trauben aus einem bestimmten Gebiet kommen, das Bric del Medic genannt wird. Das Landgut der Azienda Agricola Bordone Giuseppe ist kalkhaltig, mit einigen Bereichen, die durch den \u00dcberfluss an Sand charakteristisch sind. Noch heute finden sich Spuren von Seesand und Fossilien von Muscheln, Seeigeln und Fischen. Diese \u00dcberreste sind darauf zur\u00fcckzuf\u00fchren, dass vor 250.000 Jahren in diesem Gebiet das Meer war.[\/vc_column_text][\/vc_column][\/vc_row][\/vc_section]<\/p>\n<\/div>","protected":false},"excerpt":{"rendered":"<p>[vc_section][vc_row][vc_column][\/vc_column][\/vc_row][\/vc_section][vc_section][vc_row][vc_column width=&#8220;1\/2&#8243;][vc_column_text css=&#8220;.vc_custom_1540987467251{margin-bottom: 10px !important;}&#8220;]Die Azienda Agricola Bordone Giuseppe erstreckt sich \u00fcber 14 Hektar, die sich haupts\u00e4chlich um das Weingut in der Gemeinde von Mont\u00e0 in der Provinz Cuneo befinden. Es gibt andere Weinberge in Canale und Santo Stefano Roero. Insgesamt haben wir Weinberge auf 6 verschiedenen H\u00fcgeln. Seit 2017 sind die &#8222;Cru&#8220; oder Teilbereiche des Roero nach 10-j\u00e4hriger Forschungsarbeit<\/p>\n<div class=\"h10\"><\/div>\n<p><a class=\"more-link1\" href=\"https:\/\/www.bordonegiuseppe.it\/de\/i-vigneti\/\">Read more<\/a><\/p>\n","protected":false},"author":9,"featured_media":0,"parent":0,"menu_order":0,"comment_status":"closed","ping_status":"closed","template":"","meta":{"footnotes":""},"class_list":["post-659","page","type-page","status-publish","hentry"],"aioseo_notices":[],"_links":{"self":[{"href":"https:\/\/www.bordonegiuseppe.it\/de\/wp-json\/wp\/v2\/pages\/659"}],"collection":[{"href":"https:\/\/www.bordonegiuseppe.it\/de\/wp-json\/wp\/v2\/pages"}],"about":[{"href":"https:\/\/www.bordonegiuseppe.it\/de\/wp-json\/wp\/v2\/types\/page"}],"author":[{"embeddable":true,"href":"https:\/\/www.bordonegiuseppe.it\/de\/wp-json\/wp\/v2\/users\/9"}],"replies":[{"embeddable":true,"href":"https:\/\/www.bordonegiuseppe.it\/de\/wp-json\/wp\/v2\/comments?post=659"}],"version-history":[{"count":3,"href":"https:\/\/www.bordonegiuseppe.it\/de\/wp-json\/wp\/v2\/pages\/659\/revisions"}],"predecessor-version":[{"id":705,"href":"https:\/\/www.bordonegiuseppe.it\/de\/wp-json\/wp\/v2\/pages\/659\/revisions\/705"}],"wp:attachment":[{"href":"https:\/\/www.bordonegiuseppe.it\/de\/wp-json\/wp\/v2\/media?parent=659"}],"curies":[{"name":"wp","href":"https:\/\/api.w.org\/{rel}","templated":true}]}}